{"id":2,"date":"2016-05-27T16:51:16","date_gmt":"2016-05-27T14:51:16","guid":{"rendered":"http:\/\/www.studiofosso.it\/?page_id=2"},"modified":"2016-09-08T18:01:09","modified_gmt":"2016-09-08T16:01:09","slug":"home","status":"publish","type":"page","link":"https:\/\/www.studiofosso.it\/","title":{"rendered":"Home"},"content":{"rendered":"<h1><strong>L<\/strong>o studio commerciale del Dr. Giuseppe Fosso fondato nel 1990, \u00e8 attivo a San Prisco (CE).<\/h1>\n<p>Fosso Opera nel settore della consulenza fiscale, societaria e del lavoro.<\/p>\n<p>Lo studio \u00e8 specializzato in costituzione di societ\u00e0, predisposizione bilanci, stesura di bilanci.<\/p>\n<p>Controllo di gestione, tenuta contabilit\u00e0 imprese e professionisti.<br \/>\nAccreditato presso il tribunale per la valutazione di aziende e stesure di perizie.<\/p>\n<p>Lo studio Fosso si avvale, nella risoluzione delle problematiche legate alle iscrizioni a ruolo, della collaborazione dello studio Legale D\u2019Aniello.<\/p>\n<p>Che offre assistenza qualificata nel campo del diritto tributario\u00a0garantendo una\u00a0consulenza personalizzata per le\u00a0situazioni debitorie e per i soprusi perpetrati da parte di Equitalia. ricorrendo\u00a0innanzi agli organi di giurisdizione civile, tributaria ed amministrativa.<\/p>\n","protected":false},"excerpt":{"rendered":"<p>Lo studio commerciale del Dr. Giuseppe Fosso fondato nel 1990, \u00e8 attivo a San Prisco (CE). Fosso Opera nel settore della consulenza fiscale, societaria e del lavoro. Lo studio \u00e8 specializzato in costituzione di societ\u00e0, predisposizione bilanci, stesura di bilanci. Controllo di gestione, tenuta contabilit\u00e0 imprese e professionisti. Accreditato presso il tribunale per la valutazione di aziende e stesure di perizie. Lo studio Fosso si avvale, nella risoluzione delle problematiche&hellip; <\/p>\n","protected":false},"author":1,"featured_media":18,"parent":0,"menu_order":0,"comment_status":"closed","ping_status":"open","template":"layouts\/business.php","meta":{"jetpack_post_was_ever_published":false},"yoast_head":"<!-- This site is optimized with the Yoast SEO plugin v19.10 - https:\/\/yoast.com\/wordpress\/plugins\/seo\/ -->\r\n<title>Studio Fosso | Studio commerciale del Dr. Giuseppe Fosso<\/title>\r\n<meta name=\"description\" content=\"Lo studio commerciale del Dr. Giuseppe Fosso fondato nel 1990, \u00e8 attivo a San Prisco (CE) nel settore della consulenza fiscale, societaria e del lavoro.\" \/>\r\n<meta name=\"robots\" content=\"index, follow, max-snippet:-1, max-image-preview:large, max-video-preview:-1\" \/>\r\n<link rel=\"canonical\" href=\"https:\/\/www.studiofosso.it\/\" \/>\r\n<meta property=\"og:locale\" content=\"it_IT\" \/>\r\n<meta property=\"og:type\" content=\"article\" \/>\r\n<meta property=\"og:title\" content=\"Studio Fosso | Studio commerciale del Dr. Giuseppe Fosso\" \/>\r\n<meta property=\"og:description\" content=\"Lo studio commerciale del Dr. Giuseppe Fosso fondato nel 1990, \u00e8 attivo a San Prisco (CE) nel settore della consulenza fiscale, societaria e del lavoro.\" \/>\r\n<meta property=\"og:url\" content=\"https:\/\/www.studiofosso.it\/\" \/>\r\n<meta property=\"og:site_name\" content=\"Studio Fosso\" \/>\r\n<meta property=\"article:modified_time\" content=\"2016-09-08T16:01:09+00:00\" \/>\r\n<meta property=\"og:image\" content=\"https:\/\/www.studiofosso.it\/wp-content\/uploads\/2016\/05\/slide3-min.jpg\" \/>\r\n\t<meta property=\"og:image:width\" content=\"2000\" \/>\r\n\t<meta property=\"og:image:height\" content=\"700\" \/>\r\n\t<meta property=\"og:image:type\" content=\"image\/jpeg\" \/>\r\n<meta name=\"twitter:card\" content=\"summary_large_image\" \/>\r\n<meta name=\"twitter:label1\" content=\"Tempo di lettura stimato\" \/>\n\t<meta name=\"twitter:data1\" content=\"1 minuto\" \/>\r\n<script type=\"application\/ld+json\" class=\"yoast-schema-graph\">{\"@context\":\"https:\/\/schema.org\",\"@graph\":[{\"@type\":\"WebPage\",\"@id\":\"https:\/\/www.studiofosso.it\/\",\"url\":\"https:\/\/www.studiofosso.it\/\",\"name\":\"Studio Fosso | Studio commerciale del Dr. Giuseppe Fosso\",\"isPartOf\":{\"@id\":\"https:\/\/www.studiofosso.it\/#website\"},\"datePublished\":\"2016-05-27T14:51:16+00:00\",\"dateModified\":\"2016-09-08T16:01:09+00:00\",\"description\":\"Lo studio commerciale del Dr. Giuseppe Fosso fondato nel 1990, \u00e8 attivo a San Prisco (CE) nel settore della consulenza fiscale, societaria e del lavoro.\",\"breadcrumb\":{\"@id\":\"https:\/\/www.studiofosso.it\/#breadcrumb\"},\"inLanguage\":\"it-IT\",\"potentialAction\":[{\"@type\":\"ReadAction\",\"target\":[\"https:\/\/www.studiofosso.it\/\"]}]},{\"@type\":\"BreadcrumbList\",\"@id\":\"https:\/\/www.studiofosso.it\/#breadcrumb\",\"itemListElement\":[{\"@type\":\"ListItem\",\"position\":1,\"name\":\"Home\",\"item\":\"https:\/\/www.studiofosso.it\/\"},{\"@type\":\"ListItem\",\"position\":2,\"name\":\"Home\"}]},{\"@type\":\"WebSite\",\"@id\":\"https:\/\/www.studiofosso.it\/#website\",\"url\":\"https:\/\/www.studiofosso.it\/\",\"name\":\"Studio Fosso\",\"description\":\"Consulenza Tributaria e del Lavoro\",\"potentialAction\":[{\"@type\":\"SearchAction\",\"target\":{\"@type\":\"EntryPoint\",\"urlTemplate\":\"https:\/\/www.studiofosso.it\/?s={search_term_string}\"},\"query-input\":\"required name=search_term_string\"}],\"inLanguage\":\"it-IT\"}]}<\/script>\r\n<!-- \/ Yoast SEO plugin. -->","yoast_head_json":{"title":"Studio Fosso | Studio commerciale del Dr. Giuseppe Fosso","description":"Lo studio commerciale del Dr. Giuseppe Fosso fondato nel 1990, \u00e8 attivo a San Prisco (CE) nel settore della consulenza fiscale, societaria e del lavoro.","robots":{"index":"index","follow":"follow","max-snippet":"max-snippet:-1","max-image-preview":"max-image-preview:large","max-video-preview":"max-video-preview:-1"},"canonical":"https:\/\/www.studiofosso.it\/","og_locale":"it_IT","og_type":"article","og_title":"Studio Fosso | Studio commerciale del Dr. Giuseppe Fosso","og_description":"Lo studio commerciale del Dr. Giuseppe Fosso fondato nel 1990, \u00e8 attivo a San Prisco (CE) nel settore della consulenza fiscale, societaria e del lavoro.","og_url":"https:\/\/www.studiofosso.it\/","og_site_name":"Studio Fosso","article_modified_time":"2016-09-08T16:01:09+00:00","og_image":[{"width":2000,"height":700,"url":"https:\/\/www.studiofosso.it\/wp-content\/uploads\/2016\/05\/slide3-min.jpg","type":"image\/jpeg"}],"twitter_card":"summary_large_image","twitter_misc":{"Tempo di lettura stimato":"1 minuto"},"schema":{"@context":"https:\/\/schema.org","@graph":[{"@type":"WebPage","@id":"https:\/\/www.studiofosso.it\/","url":"https:\/\/www.studiofosso.it\/","name":"Studio Fosso | Studio commerciale del Dr. Giuseppe Fosso","isPartOf":{"@id":"https:\/\/www.studiofosso.it\/#website"},"datePublished":"2016-05-27T14:51:16+00:00","dateModified":"2016-09-08T16:01:09+00:00","description":"Lo studio commerciale del Dr. Giuseppe Fosso fondato nel 1990, \u00e8 attivo a San Prisco (CE) nel settore della consulenza fiscale, societaria e del lavoro.","breadcrumb":{"@id":"https:\/\/www.studiofosso.it\/#breadcrumb"},"inLanguage":"it-IT","potentialAction":[{"@type":"ReadAction","target":["https:\/\/www.studiofosso.it\/"]}]},{"@type":"BreadcrumbList","@id":"https:\/\/www.studiofosso.it\/#breadcrumb","itemListElement":[{"@type":"ListItem","position":1,"name":"Home","item":"https:\/\/www.studiofosso.it\/"},{"@type":"ListItem","position":2,"name":"Home"}]},{"@type":"WebSite","@id":"https:\/\/www.studiofosso.it\/#website","url":"https:\/\/www.studiofosso.it\/","name":"Studio Fosso","description":"Consulenza Tributaria e del Lavoro","potentialAction":[{"@type":"SearchAction","target":{"@type":"EntryPoint","urlTemplate":"https:\/\/www.studiofosso.it\/?s={search_term_string}"},"query-input":"required name=search_term_string"}],"inLanguage":"it-IT"}]}},"jetpack_sharing_enabled":true,"jetpack_shortlink":"https:\/\/wp.me\/P7AeJi-2","jetpack-related-posts":[{"id":20,"url":"https:\/\/www.studiofosso.it\/?page_id=20","url_meta":{"origin":2,"position":0},"title":"About Us","date":"27 Maggio 2016","format":false,"excerpt":"Lo studio commerciale del Dr. Giuseppe Fosso fondato nel 1990, \u00e8 attivo a Santa Maria Capua Vetere (CE) nel settore della consulenza fiscale, societaria e del lavoro. Lo studio \u00e8 specializzato in costituzione di societ\u00e0, predisposizione bilanci, stesura di bilanci, controllo di gestione, tenuta contabilit\u00e0 imprese e professionisti. Accreditato presso\u2026","rel":"","context":"Articolo simile","img":{"alt_text":"slide3-min","src":"https:\/\/i0.wp.com\/www.studiofosso.it\/wp-content\/uploads\/2016\/05\/slide3-min-300x105.jpg?resize=350%2C200","width":350,"height":200},"classes":[]},{"id":45,"url":"https:\/\/www.studiofosso.it\/?page_id=45","url_meta":{"origin":2,"position":1},"title":"Servizi","date":"27 Maggio 2016","format":false,"excerpt":"La grande professionalit\u00e0 dello Studio Fosso garantisce un\u2019assistenza di notevole competenza, per rispondere nel modo pi\u00f9 accurato ad ogni esigenza in termini di gestione degli aspetti amministrativi e fiscali. In particolare i servizi offerti dallo Studio sono i seguenti: ASSISTENZA IN CONTENZIOSI TRIBUTARI CONSULENZE CONTABILI CONSULENZE FISCALI CONSULENZE TRIBUTARIE CONSULENZA\u2026","rel":"","context":"Articolo simile","img":{"alt_text":"","src":"","width":0,"height":0},"classes":[]},{"id":43,"url":"https:\/\/www.studiofosso.it\/?page_id=43","url_meta":{"origin":2,"position":2},"title":"INFORMATIVA PRIVACY","date":"27 Maggio 2016","format":false,"excerpt":"STUDIO COMMERCIALE DR. GIUSEPPE FOSSO - Privacy Policy - LINEE GUIDA IN MATERIA DI PROTEZIONE DEI DATI PERSONALI Introduzione STUDIO COMMERCIALE DR. GIUSEPPE FOSSO, responsabile trattamento dati per il prodotto www.studiofosso.it, si impegna a far utilizzare il sito nel pieno rispetto della normativa sulla protezione dei dati personali sancita da\u2026","rel":"","context":"Articolo simile","img":{"alt_text":"","src":"","width":0,"height":0},"classes":[]},{"id":24,"url":"https:\/\/www.studiofosso.it\/?page_id=24","url_meta":{"origin":2,"position":3},"title":"Contattaci","date":"27 Maggio 2016","format":false,"excerpt":"Entra in contatto con Studio Fosso e trova tutte le informazioni che desideri, se sei gi\u00e0 cliente o se vuoi diventarlo.","rel":"","context":"Articolo simile","img":{"alt_text":"","src":"","width":0,"height":0},"classes":[]}],"_links":{"self":[{"href":"https:\/\/www.studiofosso.it\/index.php?rest_route=\/wp\/v2\/pages\/2"}],"collection":[{"href":"https:\/\/www.studiofosso.it\/index.php?rest_route=\/wp\/v2\/pages"}],"about":[{"href":"https:\/\/www.studiofosso.it\/index.php?rest_route=\/wp\/v2\/types\/page"}],"author":[{"embeddable":true,"href":"https:\/\/www.studiofosso.it\/index.php?rest_route=\/wp\/v2\/users\/1"}],"replies":[{"embeddable":true,"href":"https:\/\/www.studiofosso.it\/index.php?rest_route=%2Fwp%2Fv2%2Fcomments&post=2"}],"version-history":[{"count":3,"href":"https:\/\/www.studiofosso.it\/index.php?rest_route=\/wp\/v2\/pages\/2\/revisions"}],"predecessor-version":[{"id":136,"href":"https:\/\/www.studiofosso.it\/index.php?rest_route=\/wp\/v2\/pages\/2\/revisions\/136"}],"wp:featuredmedia":[{"embeddable":true,"href":"https:\/\/www.studiofosso.it\/index.php?rest_route=\/wp\/v2\/media\/18"}],"wp:attachment":[{"href":"https:\/\/www.studiofosso.it\/index.php?rest_route=%2Fwp%2Fv2%2Fmedia&parent=2"}],"curies":[{"name":"wp","href":"https:\/\/api.w.org\/{rel}","templated":true}]}}