{"id":20,"date":"2016-05-27T17:33:25","date_gmt":"2016-05-27T15:33:25","guid":{"rendered":"http:\/\/www.studiofosso.it\/?page_id=20"},"modified":"2021-02-07T11:57:04","modified_gmt":"2021-02-07T10:57:04","slug":"about-us","status":"publish","type":"page","link":"https:\/\/www.studiofosso.it\/?page_id=20","title":{"rendered":"About Us"},"content":{"rendered":"<p><strong>L<\/strong>o studio commerciale del Dr. Giuseppe Fosso fondato nel 1990, \u00e8 attivo a Santa Maria Capua Vetere (CE) nel settore della consulenza fiscale, societaria e del lavoro.<br \/>\nLo studio \u00e8 specializzato in costituzione di societ\u00e0, predisposizione bilanci, stesura di bilanci, controllo di gestione, tenuta contabilit\u00e0 imprese e professionisti.<br \/>\nAccreditato presso il tribunale per la valutazione di aziende e stesure di perizie.<\/p>\n<p><img data-attachment-id=\"18\" data-permalink=\"https:\/\/www.studiofosso.it\/?attachment_id=18\" data-orig-file=\"https:\/\/i0.wp.com\/www.studiofosso.it\/wp-content\/uploads\/2016\/05\/slide3-min.jpg?fit=2000%2C700&amp;ssl=1\" data-orig-size=\"2000,700\" data-comments-opened=\"1\" data-image-meta=\"{&quot;aperture&quot;:&quot;0&quot;,&quot;credit&quot;:&quot;&quot;,&quot;camera&quot;:&quot;&quot;,&quot;caption&quot;:&quot;&quot;,&quot;created_timestamp&quot;:&quot;0&quot;,&quot;copyright&quot;:&quot;&quot;,&quot;focal_length&quot;:&quot;0&quot;,&quot;iso&quot;:&quot;0&quot;,&quot;shutter_speed&quot;:&quot;0&quot;,&quot;title&quot;:&quot;&quot;,&quot;orientation&quot;:&quot;0&quot;}\" data-image-title=\"slide3-min\" data-image-description=\"\" data-image-caption=\"\" data-medium-file=\"https:\/\/i0.wp.com\/www.studiofosso.it\/wp-content\/uploads\/2016\/05\/slide3-min.jpg?fit=300%2C105&amp;ssl=1\" data-large-file=\"https:\/\/i0.wp.com\/www.studiofosso.it\/wp-content\/uploads\/2016\/05\/slide3-min.jpg?fit=677%2C237&amp;ssl=1\" decoding=\"async\" loading=\"lazy\" class=\"wp-image-18 aligncenter\" src=\"https:\/\/i0.wp.com\/www.studiofosso.it\/wp-content\/uploads\/2016\/05\/slide3-min-300x105.jpg?resize=677%2C314\" alt=\"slide3-min\" width=\"677\" height=\"314\" data-recalc-dims=\"1\" \/><\/p>\n<p>Lo studio Fosso si avvale, nella risoluzione delle problematiche legate alle iscrizioni a ruolo, della collaborazione dello studio Legale D\u2019Aniello che offre assistenza qualificata nel campo del diritto tributario\u00a0garantendo una\u00a0consulenza personalizzata per le\u00a0situazioni debitorie e per i soprusi perpetrati da parte dell&#8217;Agenzia delle Riscossione, ricorrendo\u00a0innanzi agli organi di giurisdizione civile, tributaria ed amministrativa.<\/p>\n","protected":false},"excerpt":{"rendered":"<p>Lo studio commerciale del Dr. Giuseppe Fosso fondato nel 1990, \u00e8 attivo a Santa Maria Capua Vetere (CE) nel settore della consulenza fiscale, societaria e del lavoro. Lo studio \u00e8 specializzato in costituzione di societ\u00e0, predisposizione bilanci, stesura di bilanci, controllo di gestione, tenuta contabilit\u00e0 imprese e professionisti. Accreditato presso il tribunale per la valutazione di aziende e stesure di perizie. Lo studio Fosso si avvale, nella risoluzione delle problematiche&hellip; <\/p>\n","protected":false},"author":1,"featured_media":22,"parent":0,"menu_order":0,"comment_status":"closed","ping_status":"closed","template":"","meta":{"jetpack_post_was_ever_published":false},"yoast_head":"<!-- This site is optimized with the Yoast SEO plugin v19.10 - https:\/\/yoast.com\/wordpress\/plugins\/seo\/ -->\r\n<title>Consulenza Fiscale | Studio commerciale del Dr. Giuseppe Fosso<\/title>\r\n<meta name=\"description\" content=\"Lo studio commerciale del Dr. Giuseppe Fosso fondato nel 1990, \u00e8 attivo a San Prisco (CE) nel settore della consulenza fiscale, societaria e del lavoro.\" \/>\r\n<meta name=\"robots\" content=\"index, follow, max-snippet:-1, max-image-preview:large, max-video-preview:-1\" \/>\r\n<link rel=\"canonical\" href=\"https:\/\/www.studiofosso.it\/?page_id=20\" \/>\r\n<meta property=\"og:locale\" content=\"it_IT\" \/>\r\n<meta property=\"og:type\" content=\"article\" \/>\r\n<meta property=\"og:title\" content=\"Consulenza Fiscale | Studio commerciale del Dr. Giuseppe Fosso\" \/>\r\n<meta property=\"og:description\" content=\"Lo studio commerciale del Dr. Giuseppe Fosso fondato nel 1990, \u00e8 attivo a San Prisco (CE) nel settore della consulenza fiscale, societaria e del lavoro.\" \/>\r\n<meta property=\"og:url\" content=\"https:\/\/www.studiofosso.it\/?page_id=20\" \/>\r\n<meta property=\"og:site_name\" content=\"Studio Fosso\" \/>\r\n<meta property=\"article:modified_time\" content=\"2021-02-07T10:57:04+00:00\" \/>\r\n<meta property=\"og:image\" content=\"https:\/\/www.studiofosso.it\/wp-content\/uploads\/2016\/05\/121-innovazione-content-marketing.jpg\" \/>\r\n\t<meta property=\"og:image:width\" content=\"609\" \/>\r\n\t<meta property=\"og:image:height\" content=\"174\" \/>\r\n\t<meta property=\"og:image:type\" content=\"image\/jpeg\" \/>\r\n<meta name=\"twitter:card\" content=\"summary_large_image\" \/>\r\n<meta name=\"twitter:label1\" content=\"Tempo di lettura stimato\" \/>\n\t<meta name=\"twitter:data1\" content=\"1 minuto\" \/>\r\n<script type=\"application\/ld+json\" class=\"yoast-schema-graph\">{\"@context\":\"https:\/\/schema.org\",\"@graph\":[{\"@type\":\"WebPage\",\"@id\":\"https:\/\/www.studiofosso.it\/?page_id=20\",\"url\":\"https:\/\/www.studiofosso.it\/?page_id=20\",\"name\":\"Consulenza Fiscale | Studio commerciale del Dr. Giuseppe Fosso\",\"isPartOf\":{\"@id\":\"https:\/\/www.studiofosso.it\/#website\"},\"datePublished\":\"2016-05-27T15:33:25+00:00\",\"dateModified\":\"2021-02-07T10:57:04+00:00\",\"description\":\"Lo studio commerciale del Dr. Giuseppe Fosso fondato nel 1990, \u00e8 attivo a San Prisco (CE) nel settore della consulenza fiscale, societaria e del lavoro.\",\"breadcrumb\":{\"@id\":\"https:\/\/www.studiofosso.it\/?page_id=20#breadcrumb\"},\"inLanguage\":\"it-IT\",\"potentialAction\":[{\"@type\":\"ReadAction\",\"target\":[\"https:\/\/www.studiofosso.it\/?page_id=20\"]}]},{\"@type\":\"BreadcrumbList\",\"@id\":\"https:\/\/www.studiofosso.it\/?page_id=20#breadcrumb\",\"itemListElement\":[{\"@type\":\"ListItem\",\"position\":1,\"name\":\"Home\",\"item\":\"https:\/\/www.studiofosso.it\/\"},{\"@type\":\"ListItem\",\"position\":2,\"name\":\"About Us\"}]},{\"@type\":\"WebSite\",\"@id\":\"https:\/\/www.studiofosso.it\/#website\",\"url\":\"https:\/\/www.studiofosso.it\/\",\"name\":\"Studio Fosso\",\"description\":\"Consulenza Tributaria e del Lavoro\",\"potentialAction\":[{\"@type\":\"SearchAction\",\"target\":{\"@type\":\"EntryPoint\",\"urlTemplate\":\"https:\/\/www.studiofosso.it\/?s={search_term_string}\"},\"query-input\":\"required name=search_term_string\"}],\"inLanguage\":\"it-IT\"}]}<\/script>\r\n<!-- \/ Yoast SEO plugin. -->","yoast_head_json":{"title":"Consulenza Fiscale | Studio commerciale del Dr. Giuseppe Fosso","description":"Lo studio commerciale del Dr. Giuseppe Fosso fondato nel 1990, \u00e8 attivo a San Prisco (CE) nel settore della consulenza fiscale, societaria e del lavoro.","robots":{"index":"index","follow":"follow","max-snippet":"max-snippet:-1","max-image-preview":"max-image-preview:large","max-video-preview":"max-video-preview:-1"},"canonical":"https:\/\/www.studiofosso.it\/?page_id=20","og_locale":"it_IT","og_type":"article","og_title":"Consulenza Fiscale | Studio commerciale del Dr. Giuseppe Fosso","og_description":"Lo studio commerciale del Dr. Giuseppe Fosso fondato nel 1990, \u00e8 attivo a San Prisco (CE) nel settore della consulenza fiscale, societaria e del lavoro.","og_url":"https:\/\/www.studiofosso.it\/?page_id=20","og_site_name":"Studio Fosso","article_modified_time":"2021-02-07T10:57:04+00:00","og_image":[{"width":609,"height":174,"url":"https:\/\/www.studiofosso.it\/wp-content\/uploads\/2016\/05\/121-innovazione-content-marketing.jpg","type":"image\/jpeg"}],"twitter_card":"summary_large_image","twitter_misc":{"Tempo di lettura stimato":"1 minuto"},"schema":{"@context":"https:\/\/schema.org","@graph":[{"@type":"WebPage","@id":"https:\/\/www.studiofosso.it\/?page_id=20","url":"https:\/\/www.studiofosso.it\/?page_id=20","name":"Consulenza Fiscale | Studio commerciale del Dr. Giuseppe Fosso","isPartOf":{"@id":"https:\/\/www.studiofosso.it\/#website"},"datePublished":"2016-05-27T15:33:25+00:00","dateModified":"2021-02-07T10:57:04+00:00","description":"Lo studio commerciale del Dr. Giuseppe Fosso fondato nel 1990, \u00e8 attivo a San Prisco (CE) nel settore della consulenza fiscale, societaria e del lavoro.","breadcrumb":{"@id":"https:\/\/www.studiofosso.it\/?page_id=20#breadcrumb"},"inLanguage":"it-IT","potentialAction":[{"@type":"ReadAction","target":["https:\/\/www.studiofosso.it\/?page_id=20"]}]},{"@type":"BreadcrumbList","@id":"https:\/\/www.studiofosso.it\/?page_id=20#breadcrumb","itemListElement":[{"@type":"ListItem","position":1,"name":"Home","item":"https:\/\/www.studiofosso.it\/"},{"@type":"ListItem","position":2,"name":"About Us"}]},{"@type":"WebSite","@id":"https:\/\/www.studiofosso.it\/#website","url":"https:\/\/www.studiofosso.it\/","name":"Studio Fosso","description":"Consulenza Tributaria e del Lavoro","potentialAction":[{"@type":"SearchAction","target":{"@type":"EntryPoint","urlTemplate":"https:\/\/www.studiofosso.it\/?s={search_term_string}"},"query-input":"required name=search_term_string"}],"inLanguage":"it-IT"}]}},"jetpack_sharing_enabled":true,"jetpack_shortlink":"https:\/\/wp.me\/P7AeJi-k","jetpack-related-posts":[{"id":2,"url":"https:\/\/www.studiofosso.it\/","url_meta":{"origin":20,"position":0},"title":"Home","date":"27 Maggio 2016","format":false,"excerpt":"Lo studio commerciale del Dr. Giuseppe Fosso fondato nel 1990, \u00e8 attivo a San Prisco (CE). Fosso Opera nel settore della consulenza fiscale, societaria e del lavoro. Lo studio \u00e8 specializzato in costituzione di societ\u00e0, predisposizione bilanci, stesura di bilanci. Controllo di gestione, tenuta contabilit\u00e0 imprese e professionisti. Accreditato presso\u2026","rel":"","context":"Articolo simile","img":{"alt_text":"fosso","src":"https:\/\/i0.wp.com\/www.studiofosso.it\/wp-content\/uploads\/2016\/05\/slide3-min.jpg?fit=1200%2C420&ssl=1&resize=350%2C200","width":350,"height":200},"classes":[]},{"id":45,"url":"https:\/\/www.studiofosso.it\/?page_id=45","url_meta":{"origin":20,"position":1},"title":"Servizi","date":"27 Maggio 2016","format":false,"excerpt":"La grande professionalit\u00e0 dello Studio Fosso garantisce un\u2019assistenza di notevole competenza, per rispondere nel modo pi\u00f9 accurato ad ogni esigenza in termini di gestione degli aspetti amministrativi e fiscali. In particolare i servizi offerti dallo Studio sono i seguenti: ASSISTENZA IN CONTENZIOSI TRIBUTARI CONSULENZE CONTABILI CONSULENZE FISCALI CONSULENZE TRIBUTARIE CONSULENZA\u2026","rel":"","context":"Articolo simile","img":{"alt_text":"","src":"","width":0,"height":0},"classes":[]},{"id":43,"url":"https:\/\/www.studiofosso.it\/?page_id=43","url_meta":{"origin":20,"position":2},"title":"INFORMATIVA PRIVACY","date":"27 Maggio 2016","format":false,"excerpt":"STUDIO COMMERCIALE DR. GIUSEPPE FOSSO - Privacy Policy - LINEE GUIDA IN MATERIA DI PROTEZIONE DEI DATI PERSONALI Introduzione STUDIO COMMERCIALE DR. GIUSEPPE FOSSO, responsabile trattamento dati per il prodotto www.studiofosso.it, si impegna a far utilizzare il sito nel pieno rispetto della normativa sulla protezione dei dati personali sancita da\u2026","rel":"","context":"Articolo simile","img":{"alt_text":"","src":"","width":0,"height":0},"classes":[]},{"id":24,"url":"https:\/\/www.studiofosso.it\/?page_id=24","url_meta":{"origin":20,"position":3},"title":"Contattaci","date":"27 Maggio 2016","format":false,"excerpt":"Entra in contatto con Studio Fosso e trova tutte le informazioni che desideri, se sei gi\u00e0 cliente o se vuoi diventarlo.","rel":"","context":"Articolo simile","img":{"alt_text":"","src":"","width":0,"height":0},"classes":[]}],"_links":{"self":[{"href":"https:\/\/www.studiofosso.it\/index.php?rest_route=\/wp\/v2\/pages\/20"}],"collection":[{"href":"https:\/\/www.studiofosso.it\/index.php?rest_route=\/wp\/v2\/pages"}],"about":[{"href":"https:\/\/www.studiofosso.it\/index.php?rest_route=\/wp\/v2\/types\/page"}],"author":[{"embeddable":true,"href":"https:\/\/www.studiofosso.it\/index.php?rest_route=\/wp\/v2\/users\/1"}],"replies":[{"embeddable":true,"href":"https:\/\/www.studiofosso.it\/index.php?rest_route=%2Fwp%2Fv2%2Fcomments&post=20"}],"version-history":[{"count":13,"href":"https:\/\/www.studiofosso.it\/index.php?rest_route=\/wp\/v2\/pages\/20\/revisions"}],"predecessor-version":[{"id":163,"href":"https:\/\/www.studiofosso.it\/index.php?rest_route=\/wp\/v2\/pages\/20\/revisions\/163"}],"wp:featuredmedia":[{"embeddable":true,"href":"https:\/\/www.studiofosso.it\/index.php?rest_route=\/wp\/v2\/media\/22"}],"wp:attachment":[{"href":"https:\/\/www.studiofosso.it\/index.php?rest_route=%2Fwp%2Fv2%2Fmedia&parent=20"}],"curies":[{"name":"wp","href":"https:\/\/api.w.org\/{rel}","templated":true}]}}