{"id":45,"date":"2016-05-27T19:32:36","date_gmt":"2016-05-27T17:32:36","guid":{"rendered":"http:\/\/www.studiofosso.it\/?page_id=45"},"modified":"2016-05-27T19:45:53","modified_gmt":"2016-05-27T17:45:53","slug":"servizi","status":"publish","type":"page","link":"https:\/\/www.studiofosso.it\/?page_id=45","title":{"rendered":"Servizi"},"content":{"rendered":"<h3>La grande professionalit\u00e0 dello Studio Fosso garantisce un\u2019assistenza di notevole competenza, per rispondere nel modo pi\u00f9 accurato ad ogni esigenza in termini di gestione degli aspetti amministrativi e fiscali.<\/h3>\n<h3>In particolare i servizi offerti dallo Studio sono i seguenti:<\/h3>\n<ul>\n<li>ASSISTENZA IN CONTENZIOSI TRIBUTARI<\/li>\n<li>CONSULENZE CONTABILI<\/li>\n<li>CONSULENZE FISCALI<\/li>\n<li>CONSULENZE TRIBUTARIE<\/li>\n<li>CONSULENZA DI ANALISI FINANZIARIA<\/li>\n<li>DICHIARAZIONI FISCALI<\/li>\n<li>ADEMPIMENTI FISCALI<\/li>\n<li>TENUTA CONTABILITA\u2019 IMPRESE<\/li>\n<li>TENUTA CONTABILITA\u2019 PROFESSIONISTI<\/li>\n<li>DOMICILIAZIONE DI SOCIETA\u2019<\/li>\n<li>FUSIONE DI SOCIETA\u2019<\/li>\n<li>SCISSIONE DI SOCIETA\u2019<\/li>\n<li>VALUTAZIONE DI AZIENDE<\/li>\n<li>STESURA DI BILANCI SOCIETARI<\/li>\n<li>ASSISTENZA CONTRATTUALISTICA<\/li>\n<li>ASSISTENZA IN PROCESSI DI CONTENZIOSO TRIBUTARIO<\/li>\n<li>COSTITUZIONE DI SOCIETA\u2019<\/li>\n<li>TRASFORMAZIONE DI SOCIETA\u2019<\/li>\n<li>LIQUIDAZIONE DI SOCIETA\u2019<\/li>\n<li>AMMINISTRAZIONE DI PATRIMONI<\/li>\n<li>AMMINISTRAZIONE DI AZIENDE<\/li>\n<li>AMMINISTRAZIONE DI PATRIMONI FAMILIARI<\/li>\n<li>PASSAGGI DI SUCCESSIONE<\/li>\n<li>PIANIFICAZIONE FISCALE<\/li>\n<li>PERIZIE ANATOCISMO BANCARIO<\/li>\n<li>CESSIONE QUOTE S.R.L.<\/li>\n<\/ul>\n","protected":false},"excerpt":{"rendered":"<p>La grande professionalit\u00e0 dello Studio Fosso garantisce un\u2019assistenza di notevole competenza, per rispondere nel modo pi\u00f9 accurato ad ogni esigenza in termini di gestione degli aspetti amministrativi e fiscali. In particolare i servizi offerti dallo Studio sono i seguenti: ASSISTENZA IN CONTENZIOSI TRIBUTARI CONSULENZE CONTABILI CONSULENZE FISCALI CONSULENZE TRIBUTARIE CONSULENZA DI ANALISI FINANZIARIA DICHIARAZIONI FISCALI ADEMPIMENTI FISCALI TENUTA CONTABILITA\u2019 IMPRESE TENUTA CONTABILITA\u2019 PROFESSIONISTI DOMICILIAZIONE DI SOCIETA\u2019 FUSIONE DI SOCIETA\u2019 SCISSIONE&hellip; <\/p>\n","protected":false},"author":1,"featured_media":0,"parent":0,"menu_order":0,"comment_status":"closed","ping_status":"closed","template":"layouts\/page-fullwidth.php","meta":{"jetpack_post_was_ever_published":false},"yoast_head":"<!-- This site is optimized with the Yoast SEO plugin v19.10 - https:\/\/yoast.com\/wordpress\/plugins\/seo\/ -->\r\n<title>Servizi - Studio Fosso<\/title>\r\n<meta name=\"robots\" content=\"index, follow, max-snippet:-1, max-image-preview:large, max-video-preview:-1\" \/>\r\n<link rel=\"canonical\" href=\"https:\/\/www.studiofosso.it\/?page_id=45\" \/>\r\n<meta property=\"og:locale\" content=\"it_IT\" \/>\r\n<meta property=\"og:type\" content=\"article\" \/>\r\n<meta property=\"og:title\" content=\"Servizi - Studio Fosso\" \/>\r\n<meta property=\"og:description\" content=\"La grande professionalit\u00e0 dello Studio Fosso garantisce un\u2019assistenza di notevole competenza, per rispondere nel modo pi\u00f9 accurato ad ogni esigenza in termini di gestione degli aspetti amministrativi e fiscali. In particolare i servizi offerti dallo Studio sono i seguenti: ASSISTENZA IN CONTENZIOSI TRIBUTARI CONSULENZE CONTABILI CONSULENZE FISCALI CONSULENZE TRIBUTARIE CONSULENZA DI ANALISI FINANZIARIA DICHIARAZIONI FISCALI ADEMPIMENTI FISCALI TENUTA CONTABILITA\u2019 IMPRESE TENUTA CONTABILITA\u2019 PROFESSIONISTI DOMICILIAZIONE DI SOCIETA\u2019 FUSIONE DI SOCIETA\u2019 SCISSIONE&hellip;\" \/>\r\n<meta property=\"og:url\" content=\"https:\/\/www.studiofosso.it\/?page_id=45\" \/>\r\n<meta property=\"og:site_name\" content=\"Studio Fosso\" \/>\r\n<meta property=\"article:modified_time\" content=\"2016-05-27T17:45:53+00:00\" \/>\r\n<meta name=\"twitter:card\" content=\"summary_large_image\" \/>\r\n<meta name=\"twitter:label1\" content=\"Tempo di lettura stimato\" \/>\n\t<meta name=\"twitter:data1\" content=\"1 minuto\" \/>\r\n<script type=\"application\/ld+json\" class=\"yoast-schema-graph\">{\"@context\":\"https:\/\/schema.org\",\"@graph\":[{\"@type\":\"WebPage\",\"@id\":\"https:\/\/www.studiofosso.it\/?page_id=45\",\"url\":\"https:\/\/www.studiofosso.it\/?page_id=45\",\"name\":\"Servizi - Studio Fosso\",\"isPartOf\":{\"@id\":\"https:\/\/www.studiofosso.it\/#website\"},\"datePublished\":\"2016-05-27T17:32:36+00:00\",\"dateModified\":\"2016-05-27T17:45:53+00:00\",\"breadcrumb\":{\"@id\":\"https:\/\/www.studiofosso.it\/?page_id=45#breadcrumb\"},\"inLanguage\":\"it-IT\",\"potentialAction\":[{\"@type\":\"ReadAction\",\"target\":[\"https:\/\/www.studiofosso.it\/?page_id=45\"]}]},{\"@type\":\"BreadcrumbList\",\"@id\":\"https:\/\/www.studiofosso.it\/?page_id=45#breadcrumb\",\"itemListElement\":[{\"@type\":\"ListItem\",\"position\":1,\"name\":\"Home\",\"item\":\"https:\/\/www.studiofosso.it\/\"},{\"@type\":\"ListItem\",\"position\":2,\"name\":\"Servizi\"}]},{\"@type\":\"WebSite\",\"@id\":\"https:\/\/www.studiofosso.it\/#website\",\"url\":\"https:\/\/www.studiofosso.it\/\",\"name\":\"Studio Fosso\",\"description\":\"Consulenza Tributaria e del Lavoro\",\"potentialAction\":[{\"@type\":\"SearchAction\",\"target\":{\"@type\":\"EntryPoint\",\"urlTemplate\":\"https:\/\/www.studiofosso.it\/?s={search_term_string}\"},\"query-input\":\"required name=search_term_string\"}],\"inLanguage\":\"it-IT\"}]}<\/script>\r\n<!-- \/ Yoast SEO plugin. -->","yoast_head_json":{"title":"Servizi - Studio Fosso","robots":{"index":"index","follow":"follow","max-snippet":"max-snippet:-1","max-image-preview":"max-image-preview:large","max-video-preview":"max-video-preview:-1"},"canonical":"https:\/\/www.studiofosso.it\/?page_id=45","og_locale":"it_IT","og_type":"article","og_title":"Servizi - Studio Fosso","og_description":"La grande professionalit\u00e0 dello Studio Fosso garantisce un\u2019assistenza di notevole competenza, per rispondere nel modo pi\u00f9 accurato ad ogni esigenza in termini di gestione degli aspetti amministrativi e fiscali. In particolare i servizi offerti dallo Studio sono i seguenti: ASSISTENZA IN CONTENZIOSI TRIBUTARI CONSULENZE CONTABILI CONSULENZE FISCALI CONSULENZE TRIBUTARIE CONSULENZA DI ANALISI FINANZIARIA DICHIARAZIONI FISCALI ADEMPIMENTI FISCALI TENUTA CONTABILITA\u2019 IMPRESE TENUTA CONTABILITA\u2019 PROFESSIONISTI DOMICILIAZIONE DI SOCIETA\u2019 FUSIONE DI SOCIETA\u2019 SCISSIONE&hellip;","og_url":"https:\/\/www.studiofosso.it\/?page_id=45","og_site_name":"Studio Fosso","article_modified_time":"2016-05-27T17:45:53+00:00","twitter_card":"summary_large_image","twitter_misc":{"Tempo di lettura stimato":"1 minuto"},"schema":{"@context":"https:\/\/schema.org","@graph":[{"@type":"WebPage","@id":"https:\/\/www.studiofosso.it\/?page_id=45","url":"https:\/\/www.studiofosso.it\/?page_id=45","name":"Servizi - Studio Fosso","isPartOf":{"@id":"https:\/\/www.studiofosso.it\/#website"},"datePublished":"2016-05-27T17:32:36+00:00","dateModified":"2016-05-27T17:45:53+00:00","breadcrumb":{"@id":"https:\/\/www.studiofosso.it\/?page_id=45#breadcrumb"},"inLanguage":"it-IT","potentialAction":[{"@type":"ReadAction","target":["https:\/\/www.studiofosso.it\/?page_id=45"]}]},{"@type":"BreadcrumbList","@id":"https:\/\/www.studiofosso.it\/?page_id=45#breadcrumb","itemListElement":[{"@type":"ListItem","position":1,"name":"Home","item":"https:\/\/www.studiofosso.it\/"},{"@type":"ListItem","position":2,"name":"Servizi"}]},{"@type":"WebSite","@id":"https:\/\/www.studiofosso.it\/#website","url":"https:\/\/www.studiofosso.it\/","name":"Studio Fosso","description":"Consulenza Tributaria e del Lavoro","potentialAction":[{"@type":"SearchAction","target":{"@type":"EntryPoint","urlTemplate":"https:\/\/www.studiofosso.it\/?s={search_term_string}"},"query-input":"required name=search_term_string"}],"inLanguage":"it-IT"}]}},"jetpack_sharing_enabled":true,"jetpack_shortlink":"https:\/\/wp.me\/P7AeJi-J","jetpack-related-posts":[{"id":2,"url":"https:\/\/www.studiofosso.it\/","url_meta":{"origin":45,"position":0},"title":"Home","date":"27 Maggio 2016","format":false,"excerpt":"Lo studio commerciale del Dr. Giuseppe Fosso fondato nel 1990, \u00e8 attivo a San Prisco (CE). Fosso Opera nel settore della consulenza fiscale, societaria e del lavoro. Lo studio \u00e8 specializzato in costituzione di societ\u00e0, predisposizione bilanci, stesura di bilanci. Controllo di gestione, tenuta contabilit\u00e0 imprese e professionisti. Accreditato presso\u2026","rel":"","context":"Articolo simile","img":{"alt_text":"fosso","src":"https:\/\/i0.wp.com\/www.studiofosso.it\/wp-content\/uploads\/2016\/05\/slide3-min.jpg?fit=1200%2C420&ssl=1&resize=350%2C200","width":350,"height":200},"classes":[]},{"id":20,"url":"https:\/\/www.studiofosso.it\/?page_id=20","url_meta":{"origin":45,"position":1},"title":"About Us","date":"27 Maggio 2016","format":false,"excerpt":"Lo studio commerciale del Dr. Giuseppe Fosso fondato nel 1990, \u00e8 attivo a Santa Maria Capua Vetere (CE) nel settore della consulenza fiscale, societaria e del lavoro. Lo studio \u00e8 specializzato in costituzione di societ\u00e0, predisposizione bilanci, stesura di bilanci, controllo di gestione, tenuta contabilit\u00e0 imprese e professionisti. Accreditato presso\u2026","rel":"","context":"Articolo simile","img":{"alt_text":"slide3-min","src":"https:\/\/i0.wp.com\/www.studiofosso.it\/wp-content\/uploads\/2016\/05\/slide3-min-300x105.jpg?resize=350%2C200","width":350,"height":200},"classes":[]},{"id":43,"url":"https:\/\/www.studiofosso.it\/?page_id=43","url_meta":{"origin":45,"position":2},"title":"INFORMATIVA PRIVACY","date":"27 Maggio 2016","format":false,"excerpt":"STUDIO COMMERCIALE DR. GIUSEPPE FOSSO - Privacy Policy - LINEE GUIDA IN MATERIA DI PROTEZIONE DEI DATI PERSONALI Introduzione STUDIO COMMERCIALE DR. GIUSEPPE FOSSO, responsabile trattamento dati per il prodotto www.studiofosso.it, si impegna a far utilizzare il sito nel pieno rispetto della normativa sulla protezione dei dati personali sancita da\u2026","rel":"","context":"Articolo simile","img":{"alt_text":"","src":"","width":0,"height":0},"classes":[]},{"id":24,"url":"https:\/\/www.studiofosso.it\/?page_id=24","url_meta":{"origin":45,"position":3},"title":"Contattaci","date":"27 Maggio 2016","format":false,"excerpt":"Entra in contatto con Studio Fosso e trova tutte le informazioni che desideri, se sei gi\u00e0 cliente o se vuoi diventarlo.","rel":"","context":"Articolo simile","img":{"alt_text":"","src":"","width":0,"height":0},"classes":[]}],"_links":{"self":[{"href":"https:\/\/www.studiofosso.it\/index.php?rest_route=\/wp\/v2\/pages\/45"}],"collection":[{"href":"https:\/\/www.studiofosso.it\/index.php?rest_route=\/wp\/v2\/pages"}],"about":[{"href":"https:\/\/www.studiofosso.it\/index.php?rest_route=\/wp\/v2\/types\/page"}],"author":[{"embeddable":true,"href":"https:\/\/www.studiofosso.it\/index.php?rest_route=\/wp\/v2\/users\/1"}],"replies":[{"embeddable":true,"href":"https:\/\/www.studiofosso.it\/index.php?rest_route=%2Fwp%2Fv2%2Fcomments&post=45"}],"version-history":[{"count":5,"href":"https:\/\/www.studiofosso.it\/index.php?rest_route=\/wp\/v2\/pages\/45\/revisions"}],"predecessor-version":[{"id":56,"href":"https:\/\/www.studiofosso.it\/index.php?rest_route=\/wp\/v2\/pages\/45\/revisions\/56"}],"wp:attachment":[{"href":"https:\/\/www.studiofosso.it\/index.php?rest_route=%2Fwp%2Fv2%2Fmedia&parent=45"}],"curies":[{"name":"wp","href":"https:\/\/api.w.org\/{rel}","templated":true}]}}